{"id":3846,"date":"2020-11-10T11:26:00","date_gmt":"2020-11-10T10:26:00","guid":{"rendered":"https:\/\/www.akasel.com\/metallographic-sample-preparation\/"},"modified":"2023-06-26T09:01:15","modified_gmt":"2023-06-26T07:01:15","slug":"metallographic-sample-preparation","status":"publish","type":"page","link":"https:\/\/old.akasel.com\/de\/metallographic-sample-preparation\/","title":{"rendered":"Metallographische Probenpr\u00e4paration"},"content":{"rendered":"\n<p>Unser gro\u00dfes Ziel bei Akasel ist es, die metallographische Probenpr\u00e4paration bequemer zu gestalten, indem wir unser Wissen mit Ihnen teilen. Aus diesem Grund haben wir Pr\u00e4parationsmethoden f\u00fcr eine Vielzahl unterschiedlicher Werkstoffe und Materialgruppen entwickelt, welche die g\u00e4ngigsten Arten metallographischer Proben abdecken. Diese Methoden werden als Aka-Brief bezeichnet und sind daraufhin optimiert worden in k\u00fcrzester Pr\u00e4parationszeit das beste Ergebnis zu erzielen. Jedes Aka-Brief zeigt den Pr\u00e4parationsvorgang schrittweise, mit allen Pr\u00e4parationsparametern und jeweils einer mikroskopischen Aufnahme der Probenoberfl\u00e4che auf.<\/p>\n\n\n\n<p>Unsere Demo Kits sind zu einem sehr niedrigen Preis erh\u00e4ltlich und bieten die M\u00f6glichkeit, unsere Produkte kennenzulernen und auszuprobieren, bevor gr\u00f6\u00dfere Investitionen oder \u00c4nderungen im Erwerb der Verbrauchsmaterialien get\u00e4tigt werden m\u00fcssen. Sie basieren auf den Aka-Brief Pr\u00e4parationsmethoden und enthalten alle erforderlichen Verbrauchsmaterialien f\u00fcr die jeweilige Methode. Jedes Demo Kit ist f\u00fcr Schleif- und Poliermaschinen mit Durchmessern von 200, 250 oder 300 mm erh\u00e4ltlich und erm\u00f6glicht die metallographische Probenpr\u00e4paration von mindestens 50 Proben.<\/p>\n\n\n\n<p>Nachfolgend finden Sie separat unsere Empfehlungen f\u00fcr Trennscheiben und Einbettmittel f\u00fcr jedes Aka-Brief<\/p>\n\n\n\n<p><a href=\"https:\/\/www.akasel.com\/wp-content\/uploads\/2023\/02\/aka-brief-cut-off-wheel-recommendation-de-5.pdf\" data-type=\"URL\" data-id=\"https:\/\/www.akasel.com\/wp-content\/uploads\/2023\/02\/aka-brief-cut-off-wheel-recommendation-de-5.pdf\" target=\"_blank\" rel=\"noreferrer noopener\">Aka-Brief Trennscheiben Empfehlung<br><\/a><a href=\"https:\/\/www.akasel.com\/wp-content\/uploads\/2023\/02\/aka-brief-mounting-resin-recommendation-de-6.pdf\" data-type=\"URL\" data-id=\"https:\/\/www.akasel.com\/wp-content\/uploads\/2023\/02\/aka-brief-mounting-resin-recommendation-de-6.pdf\" target=\"_blank\" rel=\"noreferrer noopener\">Aka-Brief Einbettmittel Empfehlung<\/a><\/p>\n","protected":false},"excerpt":{"rendered":"<p>Unser gro\u00dfes Ziel bei Akasel ist es, die metallographische Probenpr\u00e4paration bequemer zu gestalten, indem wir unser Wissen mit Ihnen teilen. Aus diesem Grund haben wir Pr\u00e4parationsmethoden f\u00fcr eine Vielzahl unterschiedlicher Werkstoffe und Materialgruppen entwickelt, welche die g\u00e4ngigsten Arten metallographischer Proben abdecken. Diese Methoden werden als Aka-Brief bezeichnet und sind daraufhin optimiert worden in k\u00fcrzester Pr\u00e4parationszeit [&hellip;]<\/p>\n","protected":false},"author":48,"featured_media":0,"parent":0,"menu_order":0,"comment_status":"closed","ping_status":"closed","template":"","meta":{"_genesis_hide_title":false,"_genesis_hide_breadcrumbs":false,"_genesis_hide_singular_image":false,"_genesis_hide_footer_widgets":false,"_genesis_custom_body_class":"","_genesis_custom_post_class":"","_genesis_layout":""},"acf":[],"uagb_featured_image_src":{"full":false,"thumbnail":false,"medium":false,"medium_large":false,"large":false,"1536x1536":false,"2048x2048":false,"home-top":false,"home-bottom":false,"sidebar":false,"portrait":false,"video-thumbnail":false,"amplogo":false,"product-suggestion-thumbnail":false,"woocommerce_thumbnail":false,"woocommerce_single":false,"woocommerce_gallery_thumbnail":false,"shop_catalog":false,"shop_single":false,"shop_thumbnail":false},"uagb_author_info":{"display_name":"stom_admin","author_link":"https:\/\/old.akasel.com\/de\/author\/stom_admin\/"},"uagb_comment_info":0,"uagb_excerpt":"Unser gro\u00dfes Ziel bei Akasel ist es, die metallographische Probenpr\u00e4paration bequemer zu gestalten, indem wir unser Wissen mit Ihnen teilen. Aus diesem Grund haben wir Pr\u00e4parationsmethoden f\u00fcr eine Vielzahl unterschiedlicher Werkstoffe und Materialgruppen entwickelt, welche die g\u00e4ngigsten Arten metallographischer Proben abdecken. Diese Methoden werden als Aka-Brief bezeichnet und sind daraufhin optimiert worden in k\u00fcrzester Pr\u00e4parationszeit&hellip;","_links":{"self":[{"href":"https:\/\/old.akasel.com\/de\/wp-json\/wp\/v2\/pages\/3846"}],"collection":[{"href":"https:\/\/old.akasel.com\/de\/wp-json\/wp\/v2\/pages"}],"about":[{"href":"https:\/\/old.akasel.com\/de\/wp-json\/wp\/v2\/types\/page"}],"author":[{"embeddable":true,"href":"https:\/\/old.akasel.com\/de\/wp-json\/wp\/v2\/users\/48"}],"replies":[{"embeddable":true,"href":"https:\/\/old.akasel.com\/de\/wp-json\/wp\/v2\/comments?post=3846"}],"version-history":[{"count":12,"href":"https:\/\/old.akasel.com\/de\/wp-json\/wp\/v2\/pages\/3846\/revisions"}],"predecessor-version":[{"id":11277,"href":"https:\/\/old.akasel.com\/de\/wp-json\/wp\/v2\/pages\/3846\/revisions\/11277"}],"wp:attachment":[{"href":"https:\/\/old.akasel.com\/de\/wp-json\/wp\/v2\/media?parent=3846"}],"curies":[{"name":"wp","href":"https:\/\/api.w.org\/{rel}","templated":true}]}}