{"id":4158,"date":"2021-01-06T15:42:46","date_gmt":"2021-01-06T14:42:46","guid":{"rendered":"https:\/\/www.akasel.com\/?page_id=4158"},"modified":"2022-02-08T13:27:48","modified_gmt":"2022-02-08T12:27:48","slug":"sds-pds","status":"publish","type":"page","link":"https:\/\/old.akasel.com\/de\/sds-pds\/","title":{"rendered":"SDS\/PDS"},"content":{"rendered":"\n<p>Hier finden Sie s\u00e4mtliche Dokumente zu unseren Produkten.<\/p>\n\n\n\n<p>SDS sind Sicherheitsdatenbl\u00e4tter zu all unseren Fl\u00fcssigkeiten und sonstigen Produkten, die ein solches erfordern.<\/p>\n\n\n\n<p>PDS sind Produktdatenbl\u00e4tter mit Informationen zu unseren Festk\u00f6rper Produkten, die keine sicherheitsrelevanten Daten erfordern.<br><br>F\u00fcr Informationen zu Produkten, die vor mehr als 3 Jahren aus unserem Programm genommen wurden, wenden Sie sich bitte an uns.<\/p>\n","protected":false},"excerpt":{"rendered":"<p>Hier finden Sie s\u00e4mtliche Dokumente zu unseren Produkten. SDS sind Sicherheitsdatenbl\u00e4tter zu all unseren Fl\u00fcssigkeiten und sonstigen Produkten, die ein solches erfordern. PDS sind Produktdatenbl\u00e4tter mit Informationen zu unseren Festk\u00f6rper Produkten, die keine sicherheitsrelevanten Daten erfordern. F\u00fcr Informationen zu Produkten, die vor mehr als 3 Jahren aus unserem Programm genommen wurden, wenden Sie sich bitte [&hellip;]<\/p>\n","protected":false},"author":48,"featured_media":0,"parent":0,"menu_order":0,"comment_status":"closed","ping_status":"closed","template":"","meta":{"_genesis_hide_title":false,"_genesis_hide_breadcrumbs":false,"_genesis_hide_singular_image":false,"_genesis_hide_footer_widgets":false,"_genesis_custom_body_class":"","_genesis_custom_post_class":"","_genesis_layout":""},"acf":[],"uagb_featured_image_src":{"full":false,"thumbnail":false,"medium":false,"medium_large":false,"large":false,"1536x1536":false,"2048x2048":false,"home-top":false,"home-bottom":false,"sidebar":false,"portrait":false,"video-thumbnail":false,"amplogo":false,"product-suggestion-thumbnail":false,"woocommerce_thumbnail":false,"woocommerce_single":false,"woocommerce_gallery_thumbnail":false,"shop_catalog":false,"shop_single":false,"shop_thumbnail":false},"uagb_author_info":{"display_name":"stom_admin","author_link":"https:\/\/old.akasel.com\/de\/author\/stom_admin\/"},"uagb_comment_info":0,"uagb_excerpt":"Hier finden Sie s\u00e4mtliche Dokumente zu unseren Produkten. SDS sind Sicherheitsdatenbl\u00e4tter zu all unseren Fl\u00fcssigkeiten und sonstigen Produkten, die ein solches erfordern. PDS sind Produktdatenbl\u00e4tter mit Informationen zu unseren Festk\u00f6rper Produkten, die keine sicherheitsrelevanten Daten erfordern. F\u00fcr Informationen zu Produkten, die vor mehr als 3 Jahren aus unserem Programm genommen wurden, wenden Sie sich bitte&hellip;","_links":{"self":[{"href":"https:\/\/old.akasel.com\/de\/wp-json\/wp\/v2\/pages\/4158"}],"collection":[{"href":"https:\/\/old.akasel.com\/de\/wp-json\/wp\/v2\/pages"}],"about":[{"href":"https:\/\/old.akasel.com\/de\/wp-json\/wp\/v2\/types\/page"}],"author":[{"embeddable":true,"href":"https:\/\/old.akasel.com\/de\/wp-json\/wp\/v2\/users\/48"}],"replies":[{"embeddable":true,"href":"https:\/\/old.akasel.com\/de\/wp-json\/wp\/v2\/comments?post=4158"}],"version-history":[{"count":4,"href":"https:\/\/old.akasel.com\/de\/wp-json\/wp\/v2\/pages\/4158\/revisions"}],"predecessor-version":[{"id":6955,"href":"https:\/\/old.akasel.com\/de\/wp-json\/wp\/v2\/pages\/4158\/revisions\/6955"}],"wp:attachment":[{"href":"https:\/\/old.akasel.com\/de\/wp-json\/wp\/v2\/media?parent=4158"}],"curies":[{"name":"wp","href":"https:\/\/api.w.org\/{rel}","templated":true}]}}