{"id":4160,"date":"2021-01-06T15:45:41","date_gmt":"2021-01-06T14:45:41","guid":{"rendered":"https:\/\/www.akasel.com\/?page_id=4160"},"modified":"2023-09-14T08:53:15","modified_gmt":"2023-09-14T06:53:15","slug":"sds-deutsch","status":"publish","type":"page","link":"https:\/\/old.akasel.com\/de\/sds-deutsch\/","title":{"rendered":"SDS &#8211; Deutsch"},"content":{"rendered":"\n<p>Ihre Sicherheit liegt uns bei Akasel sehr am Herzen. Somit ist f\u00fcr alle Produkte, die potentielle Gefahrstoffe enthalten, ein Sicherheitsdatenblatt (SDS) zum Download verf\u00fcgbar. Ebenso finden Sie hier Sicherheitsdatenbl\u00e4tter zu all unseren fl\u00fcssigen Produkten, selbst wenn diese keine potentiellen Gefahrstoffe enthalten.<\/p>\n\n\n\n<p>F\u00fcr Festk\u00f6rper Produkte, die keine potentiellen Gefahrstoffe enthalten, sind Produktdatenbl\u00e4tter vorhanden.<\/p>\n\n\n\n<p>Klicken Sie auf den jeweiligen Produktnamen um das jeweilige Sicherheitsdatenblatt einzusehen.<\/p>\n\n\n\n<p><strong>Trennen<br><\/strong><a href=\"https:\/\/www.akasel.com\/wp-content\/uploads\/2023\/09\/sds-aka-cool-de-v30.pdf\" data-type=\"URL\" data-id=\"https:\/\/www.akasel.com\/wp-content\/uploads\/2023\/09\/sds-aka-cool-de-v30.pdf\" target=\"_blank\" rel=\"noreferrer noopener\">Aka-Cool<\/a><br><a rel=\"noreferrer noopener\" href=\"https:\/\/www.akasel.com\/wp-content\/uploads\/2021\/10\/sds-aka-nofoam-de-v10.pdf\" data-type=\"URL\" data-id=\"https:\/\/www.akasel.com\/wp-content\/uploads\/2021\/10\/sds-aka-nofoam-de-v10.pdf\" target=\"_blank\">Aka-NoFoam<\/a><\/p>\n\n\n\n<p><strong>Einbetten<br><\/strong><a rel=\"noreferrer noopener\" href=\"https:\/\/www.akasel.com\/wp-content\/uploads\/2022\/04\/sds-aka-clear-2-liquid-de.pdf\" data-type=\"URL\" data-id=\"https:\/\/www.akasel.com\/wp-content\/uploads\/2022\/04\/sds-aka-clear-2-liquid-de.pdf\" target=\"_blank\">Aka-Clear-2 Liquid<\/a><br><a rel=\"noreferrer noopener\" href=\"https:\/\/www.akasel.com\/wp-content\/uploads\/2021\/10\/sds-aka-clear-2-powder-de-v10.pdf\" target=\"_blank\">Aka-Clear-2 Powder<\/a><br><a rel=\"noreferrer noopener\" href=\"https:\/\/www.akasel.com\/wp-content\/uploads\/2021\/10\/sds-aka-cure-quick-de-v10.pdf\" data-type=\"URL\" data-id=\"https:\/\/www.akasel.com\/wp-content\/uploads\/2021\/10\/sds-aka-cure-quick-de-v10.pdf\" target=\"_blank\">Aka-Cure Quick<br><\/a><a rel=\"noreferrer noopener\" href=\"https:\/\/www.akasel.com\/wp-content\/uploads\/2021\/10\/sds-aka-cure-slow-de-v10.pdf\" data-type=\"URL\" data-id=\"https:\/\/www.akasel.com\/wp-content\/uploads\/2021\/10\/sds-aka-cure-slow-de-v10.pdf\" target=\"_blank\">Aka-Cure Slow<\/a><br><a rel=\"noreferrer noopener\" href=\"https:\/\/www.akasel.com\/wp-content\/uploads\/2021\/10\/sds-aka-cure-slow-2-de-v10.pdf\" data-type=\"URL\" data-id=\"https:\/\/www.akasel.com\/wp-content\/uploads\/2021\/10\/sds-aka-cure-slow-2-de-v10.pdf\" target=\"_blank\">Aka-Cure Slow-2<\/a><br><a rel=\"noreferrer noopener\" href=\"https:\/\/www.akasel.com\/wp-content\/uploads\/2021\/10\/sds-aka-nostick-liquid-de-v10.pdf\" data-type=\"URL\" data-id=\"https:\/\/www.akasel.com\/wp-content\/uploads\/2021\/10\/sds-aka-nostick-liquid-de-v10.pdf\" target=\"_blank\">Aka-NoStick Liquid<\/a><br><a rel=\"noreferrer noopener\" href=\"https:\/\/www.akasel.com\/wp-content\/uploads\/2021\/10\/sds-aka-resin-liquid-epoxy-de-v10.pdf\" target=\"_blank\">Aka-Resin Liquid Epoxy<\/a><br><a rel=\"noreferrer noopener\" href=\"https:\/\/www.akasel.com\/wp-content\/uploads\/2021\/10\/sds-aka-resin-acrylic-de-v20.pdf\" target=\"_blank\">Aka-Resin Acrylic<\/a><br><a rel=\"noreferrer noopener\" href=\"https:\/\/www.akasel.com\/wp-content\/uploads\/2021\/10\/sds-aka-resin-epoxy-de-v20.pdf\" target=\"_blank\">Aka-Resin Epoxy<\/a><br><a rel=\"noreferrer noopener\" href=\"https:\/\/www.akasel.com\/wp-content\/uploads\/2021\/11\/sds-aka-resin-melamine-de-v10.pdf\" data-type=\"URL\" data-id=\"https:\/\/www.akasel.com\/wp-content\/uploads\/2021\/11\/sds-aka-resin-melamine-de-v10.pdf\" target=\"_blank\">Aka-Resin Melamine<\/a><br><a rel=\"noreferrer noopener\" href=\"https:\/\/www.akasel.com\/wp-content\/uploads\/2021\/10\/sds-aka-resin-phenolic-de-v10.pdf\" data-type=\"URL\" data-id=\"https:\/\/www.akasel.com\/wp-content\/uploads\/2021\/10\/sds-aka-resin-phenolic-de-v10.pdf\" target=\"_blank\">Aka-Resin Phenolic<\/a><br><a rel=\"noreferrer noopener\" href=\"https:\/\/www.akasel.com\/wp-content\/uploads\/2023\/02\/sds-aka-resin-phenolic-2-black-de-v20.pdf\" data-type=\"URL\" data-id=\"https:\/\/www.akasel.com\/wp-content\/uploads\/2023\/02\/sds-aka-resin-phenolic-2-black-de-v20.pdf\" target=\"_blank\">Aka-Resin Phenolic-2, Black<\/a><br><a rel=\"noreferrer noopener\" href=\"https:\/\/www.akasel.com\/wp-content\/uploads\/2021\/11\/sds-aka-resin-phenolic-sem-de-v10.pdf\" data-type=\"URL\" data-id=\"https:\/\/www.akasel.com\/wp-content\/uploads\/2021\/11\/sds-aka-resin-phenolic-sem-de-v10.pdf\" target=\"_blank\">Aka-Resin Phenolic SEM<\/a><\/p>\n\n\n\n<p><strong>Schleifen<\/strong><\/p>\n\n\n\n<p><strong>Polieren<\/strong><br><a rel=\"noreferrer noopener\" href=\"https:\/\/www.akasel.com\/wp-content\/uploads\/2021\/10\/sds-aka-lube-blue-de-v10.pdf\" target=\"_blank\" data-type=\"URL\" data-id=\"https:\/\/www.akasel.com\/wp-content\/uploads\/2021\/10\/sds-aka-lube-blue-de-v10.pdf\">Aka-Lube Blue<\/a><br><a rel=\"noreferrer noopener\" href=\"https:\/\/www.akasel.com\/wp-content\/uploads\/2021\/10\/sds-aka-lube-blue-concentrate-de-v10.pdf\" data-type=\"URL\" data-id=\"https:\/\/www.akasel.com\/wp-content\/uploads\/2021\/10\/sds-aka-lube-blue-concentrate-de-v10.pdf\" target=\"_blank\">Aka-Lube Blue Concentrate<\/a><br><a rel=\"noreferrer noopener\" href=\"https:\/\/www.akasel.com\/wp-content\/uploads\/2021\/10\/sds-aka-lube-clear-de-v10.pdf\" data-type=\"URL\" data-id=\"https:\/\/www.akasel.com\/wp-content\/uploads\/2021\/10\/sds-aka-lube-clear-de-v10.pdf\" target=\"_blank\">Aka-Lube Clear+<\/a><br><a rel=\"noreferrer noopener\" href=\"https:\/\/www.akasel.com\/wp-content\/uploads\/2021\/10\/sds-aka-lube-clear-wf-de-v10.pdf\" data-type=\"URL\" data-id=\"https:\/\/www.akasel.com\/wp-content\/uploads\/2021\/10\/sds-aka-lube-clear-wf-de-v10.pdf\" target=\"_blank\">Aka-Lube Clear WF<\/a><br><a rel=\"noreferrer noopener\" href=\"https:\/\/www.akasel.com\/wp-content\/uploads\/2021\/10\/sds-aka-lube-yellow-green-red-de-v30.pdf\" data-type=\"URL\" data-id=\"https:\/\/www.akasel.com\/wp-content\/uploads\/2021\/10\/sds-aka-lube-yellow-green-red-de-v30.pdf\" target=\"_blank\">Aka-Lube Yellow, Aka-Lube Green &amp; Aka-Lube Red<\/a><br><a rel=\"noreferrer noopener\" href=\"https:\/\/www.akasel.com\/wp-content\/uploads\/2021\/10\/sds-aka-paste-aka-stick-de-v10.pdf\" data-type=\"URL\" data-id=\"https:\/\/www.akasel.com\/wp-content\/uploads\/2021\/10\/sds-aka-paste-aka-stick-de-v10.pdf\" target=\"_blank\">Aka-Paste<\/a><br><a rel=\"noreferrer noopener\" href=\"https:\/\/www.akasel.com\/wp-content\/uploads\/2021\/10\/sds-aka-mono-aka-poly-aka-mono-aka-poly-de-v10.pdf\" data-type=\"URL\" data-id=\"https:\/\/www.akasel.com\/wp-content\/uploads\/2021\/10\/sds-aka-mono-aka-poly-aka-mono-aka-poly-de-v10.pdf\" target=\"_blank\">Aka-Poly &amp; Aka-Mono<\/a><br><a rel=\"noreferrer noopener\" href=\"https:\/\/www.akasel.com\/wp-content\/uploads\/2021\/10\/sds-aka-mono-aka-poly-aka-mono-aka-poly-de-v10.pdf\" target=\"_blank\" data-type=\"URL\" data-id=\"https:\/\/www.akasel.com\/wp-content\/uploads\/2021\/10\/sds-aka-mono-aka-poly-aka-mono-aka-poly-de-v10.pdf\">Aka-Poly+ &amp; Aka-Mono+<\/a><br><a rel=\"noreferrer noopener\" href=\"https:\/\/www.akasel.com\/wp-content\/uploads\/2021\/10\/sds-aka-poly-water-free-de-v10.pdf\" target=\"_blank\">Aka-Poly WF<\/a><br><a rel=\"noreferrer noopener\" href=\"https:\/\/www.akasel.com\/wp-content\/uploads\/2021\/10\/sds-aka-spray-mono-poly-de-v10.pdf\" data-type=\"URL\" data-id=\"https:\/\/www.akasel.com\/wp-content\/uploads\/2021\/10\/sds-aka-spray-mono-poly-de-v10.pdf\" target=\"_blank\">Aka-Spray<\/a><br><a rel=\"noreferrer noopener\" href=\"https:\/\/www.akasel.com\/wp-content\/uploads\/2021\/10\/sds-aka-paste-aka-stick-de-v10.pdf\" data-type=\"URL\" data-id=\"https:\/\/www.akasel.com\/wp-content\/uploads\/2021\/10\/sds-aka-paste-aka-stick-de-v10.pdf\" target=\"_blank\">Aka-Stick<\/a><br><a rel=\"noreferrer noopener\" href=\"https:\/\/www.akasel.com\/wp-content\/uploads\/2021\/10\/sds-diadoublo-mono-poly-de-v10.pdf\" target=\"_blank\" data-type=\"URL\" data-id=\"https:\/\/www.akasel.com\/wp-content\/uploads\/2021\/10\/sds-diadoublo-mono-poly-de-v10.pdf\">DiaDoublo<\/a><br><a rel=\"noreferrer noopener\" href=\"https:\/\/www.akasel.com\/wp-content\/uploads\/2021\/10\/sds-diamaxx-mono-poly-de-v10-new.pdf\" target=\"_blank\" data-type=\"URL\" data-id=\"https:\/\/www.akasel.com\/wp-content\/uploads\/2021\/10\/sds-diamaxx-mono-poly-de-v10-new.pdf\">DiaMaxx<\/a><br><a rel=\"noreferrer noopener\" href=\"https:\/\/www.akasel.com\/wp-content\/uploads\/2021\/10\/sds-diaultra-de-v30.pdf\" target=\"_blank\" data-type=\"URL\" data-id=\"https:\/\/www.akasel.com\/wp-content\/uploads\/2021\/10\/sds-diaultra-de-v30.pdf\">DiaUltra<\/a><\/p>\n\n\n\n<p><strong>Endpolieren<br><\/strong><a rel=\"noreferrer noopener\" href=\"https:\/\/www.akasel.com\/wp-content\/uploads\/2021\/10\/sds-alumina-suspension-50nm-de-de-v10.pdf\" target=\"_blank\">Alumina Suspension 50 nm<\/a><br><a rel=\"noreferrer noopener\" href=\"https:\/\/www.akasel.com\/wp-content\/uploads\/2021\/10\/sds-colloidal-silica-50nm-alkaline-de-v10.pdf\" target=\"_blank\" data-type=\"URL\" data-id=\"https:\/\/www.akasel.com\/wp-content\/uploads\/2021\/10\/sds-colloidal-silica-50nm-alkaline-de-v10.pdf\">Colloidal Silica Suspension 50 nm<br><\/a><a rel=\"noreferrer noopener\" href=\"https:\/\/www.akasel.com\/wp-content\/uploads\/2020\/11\/1000de.pdf\" target=\"_blank\">Fumed Silica Suspension 120 nm<\/a><br><a rel=\"noreferrer noopener\" href=\"https:\/\/www.akasel.com\/wp-content\/uploads\/2021\/10\/sds-fumed-silica-02my-alkaline-de-v20.pdf\" target=\"_blank\" data-type=\"URL\" data-id=\"https:\/\/www.akasel.com\/wp-content\/uploads\/2021\/10\/sds-fumed-silica-02my-alkaline-de-v20.pdf\">Fumed Silica Suspension 200 nm<\/a><a rel=\"noreferrer noopener\" href=\"https:\/\/www.akasel.com\/wp-content\/uploads\/2020\/11\/1000de.pdf\" target=\"_blank\"><br><\/a><a rel=\"noreferrer noopener\" href=\"https:\/\/www.akasel.com\/wp-content\/uploads\/2021\/10\/sds-fumed-silica-suspension-02m-water-free-de-v10.pdf\" data-type=\"URL\" data-id=\"https:\/\/www.akasel.com\/wp-content\/uploads\/2021\/10\/sds-fumed-silica-suspension-02m-water-free-de-v10.pdf\" target=\"_blank\">Fumed Silica Suspension 200 nm Water-free<\/a><\/p>\n","protected":false},"excerpt":{"rendered":"<p>Ihre Sicherheit liegt uns bei Akasel sehr am Herzen. Somit ist f\u00fcr alle Produkte, die potentielle Gefahrstoffe enthalten, ein Sicherheitsdatenblatt (SDS) zum Download verf\u00fcgbar. Ebenso finden Sie hier Sicherheitsdatenbl\u00e4tter zu all unseren fl\u00fcssigen Produkten, selbst wenn diese keine potentiellen Gefahrstoffe enthalten. F\u00fcr Festk\u00f6rper Produkte, die keine potentiellen Gefahrstoffe enthalten, sind Produktdatenbl\u00e4tter vorhanden. Klicken Sie auf [&hellip;]<\/p>\n","protected":false},"author":48,"featured_media":0,"parent":0,"menu_order":0,"comment_status":"closed","ping_status":"closed","template":"","meta":{"_genesis_hide_title":false,"_genesis_hide_breadcrumbs":false,"_genesis_hide_singular_image":false,"_genesis_hide_footer_widgets":false,"_genesis_custom_body_class":"","_genesis_custom_post_class":"","_genesis_layout":""},"acf":[],"uagb_featured_image_src":{"full":false,"thumbnail":false,"medium":false,"medium_large":false,"large":false,"1536x1536":false,"2048x2048":false,"home-top":false,"home-bottom":false,"sidebar":false,"portrait":false,"video-thumbnail":false,"amplogo":false,"product-suggestion-thumbnail":false,"woocommerce_thumbnail":false,"woocommerce_single":false,"woocommerce_gallery_thumbnail":false,"shop_catalog":false,"shop_single":false,"shop_thumbnail":false},"uagb_author_info":{"display_name":"stom_admin","author_link":"https:\/\/old.akasel.com\/de\/author\/stom_admin\/"},"uagb_comment_info":0,"uagb_excerpt":"Ihre Sicherheit liegt uns bei Akasel sehr am Herzen. Somit ist f\u00fcr alle Produkte, die potentielle Gefahrstoffe enthalten, ein Sicherheitsdatenblatt (SDS) zum Download verf\u00fcgbar. Ebenso finden Sie hier Sicherheitsdatenbl\u00e4tter zu all unseren fl\u00fcssigen Produkten, selbst wenn diese keine potentiellen Gefahrstoffe enthalten. F\u00fcr Festk\u00f6rper Produkte, die keine potentiellen Gefahrstoffe enthalten, sind Produktdatenbl\u00e4tter vorhanden. Klicken Sie auf&hellip;","_links":{"self":[{"href":"https:\/\/old.akasel.com\/de\/wp-json\/wp\/v2\/pages\/4160"}],"collection":[{"href":"https:\/\/old.akasel.com\/de\/wp-json\/wp\/v2\/pages"}],"about":[{"href":"https:\/\/old.akasel.com\/de\/wp-json\/wp\/v2\/types\/page"}],"author":[{"embeddable":true,"href":"https:\/\/old.akasel.com\/de\/wp-json\/wp\/v2\/users\/48"}],"replies":[{"embeddable":true,"href":"https:\/\/old.akasel.com\/de\/wp-json\/wp\/v2\/comments?post=4160"}],"version-history":[{"count":15,"href":"https:\/\/old.akasel.com\/de\/wp-json\/wp\/v2\/pages\/4160\/revisions"}],"predecessor-version":[{"id":11652,"href":"https:\/\/old.akasel.com\/de\/wp-json\/wp\/v2\/pages\/4160\/revisions\/11652"}],"wp:attachment":[{"href":"https:\/\/old.akasel.com\/de\/wp-json\/wp\/v2\/media?parent=4160"}],"curies":[{"name":"wp","href":"https:\/\/api.w.org\/{rel}","templated":true}]}}