{"id":9455,"date":"2018-05-16T14:20:05","date_gmt":"2018-05-16T12:20:05","guid":{"rendered":"https:\/\/www.akasel.com\/privacy-policy\/"},"modified":"2022-10-05T10:29:29","modified_gmt":"2022-10-05T08:29:29","slug":"privacy-policy","status":"publish","type":"page","link":"https:\/\/old.akasel.com\/de\/privacy-policy\/","title":{"rendered":"Datenschutz-Bestimmungen"},"content":{"rendered":"<p>Durch den Besuch und die Nutzung von old.akasel.com\/de\/ stimmen Sie zu, dass<br \/>\nAkasel A\/S Ihre personenbezogenen Daten und Cookies gem\u00e4\u00df der folgenden<br \/>\nDaten- und Cookie-Richtlinien verarbeiten und speichern darf. Cookies werden<br \/>\nverwendet, damit old.akasel.com\/de\/ korrekt funktioniert. Unter anderem verwenden wir<br \/>\nCookies, um es zu erm\u00f6glichen, Produkte in den Warenkorb zu legen, sich auf der<br \/>\nWebsite anzumelden und unsere Website im Allgemeinen zu verbessern.<\/p>\n<p><a href=\"https:\/\/www.akasel.com\/de\/cookie-richtlinien\/\">Klicken Sie hier, um unsere Cookie-Richtlinien zu lesen<\/a><\/p>\n<h2>Datenschutz- und Datenschutzrichtlinien<\/h2>\n<p>Diese Richtlinien zu Datenschutz und personenbezogenen Daten sind<br \/>\nzusammengefasst, um Sie als Kunden besser dar\u00fcber zu informieren, welche<br \/>\npersonenbezogenen Daten Akasel A\/S speichert und wie wir sie verarbeiten \u2013<br \/>\nunter personenbezogenen Daten sind alle Daten zu verstehen, die auf eine einzelne<br \/>\nPerson zur\u00fcckgef\u00fchrt werden k\u00f6nnen.<\/p>\nAkasel A\/S respektiert alle W\u00fcnsche, online bereitgestellte, personenbezogene<br \/>\nDaten geheim zu halten, und wir sind uns der Notwendigkeit bewusst, alle<br \/>\npersonenbezogenen Daten, die wir erhalten, angemessen zu sch\u00fctzen und sicher zu<br \/>\nverarbeiten.<\/p>\n<p>Wenn die folgenden Richtlinien zu personenbezogenen Daten nicht akzeptiert werden<br \/>\nk\u00f6nnen, beh\u00e4lt sich Akasel A\/S das Recht vor, Bestellungen und andere Anfragen<br \/>\nabzulehnen, da die Nichtannahme dazu f\u00fchren kann, dass Akasel A\/S den Vertrag<br \/>\nnicht wie gesetzlich vorgeschrieben erf\u00fcllen kann.<\/p>\n<h2>Pers\u00f6nliche Informationen<\/h2>\n<p>Personenbezogene Daten umfassen alle Daten, die verwendet werden k\u00f6nnen, um<br \/>\nPersonen zu identifizieren, einschlie\u00dflich, aber nicht beschr\u00e4nkt auf Vor-, Zweit- und<br \/>\nNachnamen, Alter, Geschlecht, Beruf, private und andere physische Adressen, E-Mail-<br \/>\nAdressen oder andere Kontaktinformationen, unabh\u00e4ngig davon, ob diese sich auf die<br \/>\nprivate Wohnung oder den Arbeitsplatz der Person beziehen.<\/p>\n<p>Personenbezogene Daten umfassen ebenfalls Daten in Bezug auf Verhalten,<br \/>\nKaufhistorie, wirtschaftliche Informationen und dergleichen, die alle dazu dienen, die<br \/>\nKunden-Anbieter-Beziehung zwischen Kunden und Akasel A\/S aufrechtzuerhalten.<\/p>\n<h2>Welche personenbezogenen Daten speichern und verarbeiten wir?<\/h2>\n<p>Sie k\u00f6nnen auf old.akasel.com\/de\/ zugreifen, ohne uns Ihre pers\u00f6nlichen Daten mitzuteilen.<br \/>\nBeim Zugriff auf die Website wird eine ID f\u00fcr Ihre Sitzung bereitgestellt. Diese kann nicht<br \/>\nverwendet werden, um Sie zu identifizieren.<\/p>\nAkasel A\/S ben\u00f6tigt eine Vielzahl von personenbezogenen Daten, um mit Ihnen<br \/>\nund Ihrem Unternehmen handeln zu k\u00f6nnen, die Kundenbeziehung kontinuierlich<br \/>\naufrechtzuerhalten sowie f\u00fcr Produkte und Dienstleistungen zu werben. Bestimmte<br \/>\nInformationen werden auch in \u00dcbereinstimmung mit White-Washing- und<br \/>\nRechnungslegungsgesetzen gesammelt und verarbeitet.<\/p>\n<p>Die folgenden Informationen k\u00f6nnen gespeichert und verarbeitet werden, wenn Sie<br \/>\nold.akasel.com\/de\/ besuchen; Ihre E-Mail-Adresse, Vor- und Nachname, physische Adresse,<br \/>\nTelefonnummer, Alter, Geschlecht, technische Details (einschlie\u00dflich IP-Adressen),<br \/>\nVerhalten (einschlie\u00dflich: besuchte URLs, Ereignisausl\u00f6ser, Aktionen wie Klicks,<br \/>\nAnmeldungen, verbrachte Zeit). auf Webseiten usw.), geografische Daten sowie alle<br \/>\nDaten, die f\u00fcr den Abschluss einer Transaktion als notwendig erachtet werden.<\/p>\n<h2>Akasel A\/S speichert und verarbeitet Ihre Informationen, wenn Sie:<\/h2>\n<ul>\n<li>Ein Konto erstellen<\/li>\n<li>Einen Kauf abschlie\u00dfen<\/li>\n<li>Anfragen oder Beschwerden schicken und\/oder mit Akasel A\/S interagieren<\/li>\n<li>Online-Werbematerialien abonnieren und\/oder damit interagieren (einschlie\u00dflich, aber nicht beschr\u00e4nkt auf Newsletter, SMS- oder andere Benachrichtigungen, Anzeigen, die auf Websites Dritter angezeigt werden usw.)<\/li>\n<li>Ihre personenbezogenen Daten auf andere Weise an Akasel A\/S weitergeben<\/li>\n<\/ul>\n<p><span style=\"font-weight: 400;\">Akasel A\/S speichert nur die personenbezogenen Daten, die notwendig sind, um eine Dienstleistung oder ein Produkt zu erbringen, f\u00fcr Dienstleistungen oder Produkte zu werben oder Anfragen zu bearbeiten.<\/span><\/p>\n<p><span style=\"font-weight: 400;\">Akasel A\/S speichert und\/oder kauft keine Informationen von Dritten, die zur Identifizierung von Personen verwendet werden k\u00f6nnen.<\/span><\/p>\n<p><span style=\"font-weight: 400;\">Akasel A\/S verwendet bei der Abwicklung von Online-Kartentransaktionen renommierte und glaubw\u00fcrdige Zahlungsgateways und speichert daher keine Informationen zu Zahlungskarten. Beachten Sie, dass Informationen zu Rechnungen und Banken im Hinblick auf geltende Gesetze gespeichert werden, einschlie\u00dflich Whitewashing- und Rechnungslegungsgesetzen.<\/span><\/p>\n<h2><b>Wie verwenden wir Ihre Informationen?<\/b><\/h2>\n<p><span style=\"font-weight: 400;\">Wir k\u00f6nnen die gespeicherten Informationen auf folgende Weise verwenden:<\/span><\/p>\n<ul>\n<li style=\"font-weight: 400;\" aria-level=\"1\"><span style=\"font-weight: 400;\">Um Ihre Erfahrung per E-Mail und auf der Website durch pers\u00f6nliche Empfehlungen basierend auf Ihrer Kaufhistorie zu personalisieren<\/span><\/li>\n<\/ul>\n<ul>\n<li style=\"font-weight: 400;\" aria-level=\"1\"><span style=\"font-weight: 400;\">Um <\/span><span style=\"font-weight: 400;\">old.akasel.com\/de\/ <\/span><span style=\"font-weight: 400;\">zu verbessern und f\u00fcr <\/span><span style=\"font-weight: 400;\">Akasel A\/S <\/span><span style=\"font-weight: 400;\">zu werben<\/span><\/li>\n<\/ul>\n<ul>\n<li style=\"font-weight: 400;\" aria-level=\"1\"><span style=\"font-weight: 400;\">Um Sie besser bedienen zu k\u00f6nnen, wenn Sie sich an den Kundendienst wenden<\/span><\/li>\n<li style=\"font-weight: 400;\" aria-level=\"1\"><span style=\"font-weight: 400;\">Zur Verwaltung von Wettbewerben, Kundenrecherchen und mehr<\/span><\/li>\n<li style=\"font-weight: 400;\" aria-level=\"1\"><span style=\"font-weight: 400;\">Um Ihre Bestellung so schnell wie m\u00f6glich zu bearbeiten<\/span><\/li>\n<li style=\"font-weight: 400;\" aria-level=\"1\"><span style=\"font-weight: 400;\">Um Produkt- und Trustpilot-Bewertungen zu erhalten<\/span><\/li>\n<li style=\"font-weight: 400;\" aria-level=\"1\"><span style=\"font-weight: 400;\">Um Anfragen nachzugehen<\/span><\/li>\n<li style=\"font-weight: 400;\" aria-level=\"1\"><span style=\"font-weight: 400;\">Um allgemein zu werben<\/span><\/li>\n<\/ul>\n<h2><b>Wie sch\u00fctzen wir Ihre Informationen?<\/b><\/h2>\n<p><span style=\"font-weight: 400;\">Unsere Website wird regelm\u00e4\u00dfig auf Sicherheitsl\u00fccken und Schwachstellen gescannt, damit wir potenzielle Datenlecks so schnell wie m\u00f6glich schlie\u00dfen und unsere Website so sicher wie m\u00f6glich machen k\u00f6nnen. Die Website wird au\u00dferdem regelm\u00e4\u00dfig auf Malware gescannt.<\/span><\/p>\n<p><span style=\"font-weight: 400;\">Ihre personenbezogenen Daten werden in sicheren Netzwerken gespeichert, auf die nur wenige ausgew\u00e4hlte Mitarbeiter mit Rechten auf diese Art von Informationen zugreifen k\u00f6nnen. Diese unterliegen unseren Richtlinien zu personenbezogenen Daten, die Ihre Rechte garantieren und sicherstellen, dass alle geltenden Gesetze in diesem Bereich eingehalten werden.<\/span><\/p>\n<p><span style=\"font-weight: 400;\">Dar\u00fcber hinaus werden alle sensiblen Informationen oder Informationen zu Zahlungen auf verschl\u00fcsselten Servern gespeichert und verarbeitet, auf die von au\u00dfen nicht zugegriffen werden kann. Kreditkarteninformationen werden von Zahlungs-Gateways verarbeitet und k\u00f6nnen weder von Akasel A\/S noch von Mitarbeitern der Zahlungs-Gateways abgerufen werden. Diese Transaktionen werden nicht auf internen Servern gespeichert und zu keinem Zeitpunkt von Akasel A\/S selbst verarbeitet.<\/span><\/p>\n<h2><b>An wen geben wir Ihre Informationen weiter?<\/b><\/h2>\n<p><span style=\"font-weight: 400;\">Pers\u00f6nliche Informationen, die auf old.akasel.com\/de\/ oder per Telefon bereitgestellt werden, werden nur weitergegeben an:<\/span><\/p>\n<ul>\n<li style=\"font-weight: 400;\" aria-level=\"1\"><span style=\"font-weight: 400;\">Interne Abteilungen\/Personal<\/span><\/li>\n<li style=\"font-weight: 400;\" aria-level=\"1\"><span style=\"font-weight: 400;\">Vertrauensw\u00fcrdige Dritte, die erforderlich sind, um Vereinbarungen in Bezug auf Lieferung, Zahlung und Dienstleistungen aufrechtzuerhalten, einschlie\u00dflich Inkasso und andere gerichtliche Angelegenheiten<\/span><\/li>\n<li style=\"font-weight: 400;\" aria-level=\"1\"><span style=\"font-weight: 400;\">Gesch\u00e4ftspartner in Bezug auf die Pflege Ihres Kontos und\/oder Werbung<\/span><\/li>\n<\/ul>\n<p><span style=\"font-weight: 400;\">Um Ihnen die bestm\u00f6gliche Erfahrung auf den Websites von Akasel A\/S zu bieten, f\u00fchren wir Statistiken dar\u00fcber, wie Benutzer unsere Websites nutzen. Diese Statistiken werden ausschlie\u00dflich in anonymisierter Form verwendet, um zu sehen, mit welchen Seiten und welchen Inhalten Benutzer interagieren.<\/span><\/p>\n<p><span style=\"font-weight: 400;\">Akasel A\/S kann Google Analytics verwenden, um Besucherstatistiken zu sammeln und wird in diesem Fall IP-Adressen an Google Analytics weitergeben. Die Datenschutzrichtlinien von Google Analytics werden durch den Besuch von old.akasel.com\/de\/ akzeptiert und k\u00f6nnen hier eingesehen werden:<\/span><a href=\"https:\/\/privacy.google.com\/\"><span style=\"font-weight: 400;\"> www.google.com\/privacy<\/span><\/a><\/p>\n<p><span style=\"font-weight: 400;\">Zwischen Akasel A\/S und allen Gesch\u00e4ftspartnern und Lieferanten besteht eine Datenverarbeitungsvereinbarung, die die Interessen der Nutzer und Kunden jederzeit wahren muss. Diese Vereinbarungen k\u00f6nnen jederzeit auf Anfrage zur Verf\u00fcgung gestellt werden<\/span><span style=\"font-size: revert; color: initial;\">.<\/span><\/p>\n<h2><b>Wo werden Ihre pers\u00f6nlichen Daten gespeichert<\/b>?<\/h2>\n<p><span style=\"font-weight: 400;\">Ihre Informationen werden auf Servern in der EU gespeichert. Einige personenbezogene Daten werden von einem Dritten (Datenverarbeiter) verwaltet, der personenbezogene Daten im Auftrag von Akasel A\/S in Bezug auf diese Datenrichtlinien und die geltenden Gesetze zum Schutz personenbezogener Daten speichert und verarbeitet<\/span>.<\/p>\n<h2><b>Wie lange bewahren wir Ihre personenbezogenen Daten auf<\/b>?<\/h2>\n<p><span style=\"font-weight: 400;\">In einer aktiven Kundenbeziehung werden Ihre Daten so lange gespeichert, wie es f\u00fcr uns erforderlich ist, um Sie bedienen zu k\u00f6nnen. Endet die Beziehung, werden Ihre Daten je nach Art der Daten bis zu zwei Jahre gespeichert.<\/span><\/p>\n<p><span style=\"font-weight: 400;\">Sie k\u00f6nnen jederzeit verlangen, diese Daten einzusehen oder l\u00f6schen zu lassen. Aufgrund anderer Gesetze (wie Rechnungslegungs- bzw. Whitewashing-Gesetze) werden alle Transaktionsdaten, einschlie\u00dflich Kontakt- und Gesch\u00e4ftsinformationen, f\u00fcnf Jahre lang gespeichert<\/span><span style=\"font-size: revert; color: initial;\">.<\/span><\/p>\n<h2><b>Datenlecks<\/b><\/h2>\n<p><span style=\"font-weight: 400;\">Wir nehmen Sicherheitsverletzungen und Datenlecks sehr ernst. Wenn wir ein Datenleck von internen Servern bei Akasel A\/S oder von externen Partnern vermuten, wird sofort eine Gruppe von Initiativen eingeleitet, um unsere Kunden und Benutzer so gut wie m\u00f6glich zu sch\u00fctzen.<\/span><\/p>\n<p><span style=\"font-weight: 400;\">Dazu geh\u00f6ren die Klarstellung des Umfangs potenzieller Sch\u00e4den, die Information potenziell betroffener Kunden und Benutzer, die Unterrichtung der d\u00e4nischen Datenschutzbeh\u00f6rde sowie Ma\u00dfnahmen zur Eingrenzung und Verringerung des Umfangs der Lecks.<\/span><\/p>\n<p><span style=\"font-weight: 400;\">Sollten wir ein Datenleck von Akasel A\/S<\/span> <span style=\"font-weight: 400;\">oder externen Partnern vermuten, werden alle Beteiligten, einschlie\u00dflich des Benutzers, innerhalb von 72 Stunden dar\u00fcber informiert. Wenn Sie jemals den Verdacht haben, dass Ihre Daten bei Akasel A\/S durchgesickert sind, kontaktieren Sie uns bitte jederzeit.<\/span><\/p>\n<h2><b>Zugang zu Informationen<\/b><\/h2>\n<p><span style=\"font-weight: 400;\">Sie k\u00f6nnen Ihre Kontodaten oder Interessengebiete jederzeit \u00e4ndern und hiermit erkl\u00e4ren, ob Sie bez\u00fcglich Angeboten zu Produkten oder Dienstleistungen kontaktiert werden m\u00f6chten oder sich von Newslettern abmelden.<\/span><\/p>\n<p><span style=\"font-weight: 400;\">Sie k\u00f6nnen jederzeit dar\u00fcber informiert werden, welche Ihrer pers\u00f6nlichen Daten wir registriert haben. Wenn Sie eine Kopie dieser Informationen erhalten m\u00f6chten, kontaktieren Sie uns bitte.<\/span><\/p>\n<p><span style=\"font-weight: 400;\">Sollten Sie die L\u00f6schung all Ihrer Daten w\u00fcnschen, wenden Sie sich bitte ebenfalls an uns.<\/span><\/p>\n<p><span style=\"font-weight: 400;\">Beachten Sie, dass diese Daten, sobald wir sie gel\u00f6scht haben, nicht wiederhergestellt werden k\u00f6nnen. Daten, die im Hinblick auf geltende Gesetze aufbewahrt werden m\u00fcssen, k\u00f6nnen auf Anfrage nicht gel\u00f6scht werden.<\/span><\/p>\n<h2><b>Revision<\/b><\/h2>\n<p><span style=\"font-weight: 400;\">Wir \u00fcberarbeiten unsere Datenverarbeitungsprozesse regelm\u00e4\u00dfig. Diese Richtlinien werden einmal j\u00e4hrlich aktualisiert.<\/span><\/p>\n<h2><b>Kontakt, \u00c4nderungen und Aktualisierungen der Personendatenrichtlinien<\/b><\/h2>\n<p><span style=\"font-weight: 400;\">Akasel A\/S ist bestrebt, die rechtlichen Anforderungen zum Schutz der Privatsph\u00e4re unserer Benutzer zu erf\u00fcllen.<\/span><\/p>\n<p><span style=\"font-weight: 400;\">Wenn Sie Fragen oder Anmerkungen zu unseren Datenrichtlinien oder dazu haben, wie wir Ihre personenbezogenen Daten verwenden, wenden Sie sich bitte an uns.<\/span><\/p>\n<p><span style=\"font-weight: 400;\">Wenn Sie sich zu irgendeinem Zeitpunkt beispielsweise von einem Newsletter abmelden m\u00f6chten, k\u00f6nnen Sie den Anweisungen am Ende jeder E-Mail folgen. Wenn Sie Probleme mit der Abmeldung haben, kontaktieren Sie uns bitte.<\/span><\/p>\n<p><span style=\"font-weight: 400;\">Durch die Abmeldung der Werbung von Akasel A\/S werden alle fr\u00fcheren Verpflichtungen mit uns gel\u00f6scht. Diese k\u00f6nnen nicht neu erstellt werden, und sollten Sie zu irgendeinem Zeitpunkt Einblick in das erhalten, was wir Ihnen zuvor gesendet haben, wie z. B. fr\u00fchere Angebote, Kampagnen und dergleichen, m\u00f6chten wir Sie darauf hinweisen, dass diese nicht neu erstellt werden k\u00f6nnen.<\/span><\/p>\n","protected":false},"excerpt":{"rendered":"<p>Durch den Besuch und die Nutzung von stimmen Sie zu, dass Ihre personenbezogenen Daten und Cookies gem\u00e4\u00df der folgenden Daten- und Cookie-Richtlinien verarbeiten und speichern darf. Cookies werden verwendet, damit korrekt funktioniert. Unter anderem verwenden wir Cookies, um es zu erm\u00f6glichen, Produkte in den Warenkorb zu legen, sich auf der Website anzumelden und unsere Website [&hellip;]<\/p>\n","protected":false},"author":8,"featured_media":0,"parent":0,"menu_order":0,"comment_status":"closed","ping_status":"closed","template":"","meta":{"_genesis_hide_title":false,"_genesis_hide_breadcrumbs":false,"_genesis_hide_singular_image":false,"_genesis_hide_footer_widgets":false,"_genesis_custom_body_class":"","_genesis_custom_post_class":"","_genesis_layout":""},"acf":[],"uagb_featured_image_src":{"full":false,"thumbnail":false,"medium":false,"medium_large":false,"large":false,"1536x1536":false,"2048x2048":false,"home-top":false,"home-bottom":false,"sidebar":false,"portrait":false,"video-thumbnail":false,"amplogo":false,"product-suggestion-thumbnail":false,"woocommerce_thumbnail":false,"woocommerce_single":false,"woocommerce_gallery_thumbnail":false,"shop_catalog":false,"shop_single":false,"shop_thumbnail":false},"uagb_author_info":{"display_name":"Daniel Nielsen","author_link":"https:\/\/old.akasel.com\/de\/author\/daniel\/"},"uagb_comment_info":0,"uagb_excerpt":"Durch den Besuch und die Nutzung von stimmen Sie zu, dass Ihre personenbezogenen Daten und Cookies gem\u00e4\u00df der folgenden Daten- und Cookie-Richtlinien verarbeiten und speichern darf. Cookies werden verwendet, damit korrekt funktioniert. Unter anderem verwenden wir Cookies, um es zu erm\u00f6glichen, Produkte in den Warenkorb zu legen, sich auf der Website anzumelden und unsere Website&hellip;","_links":{"self":[{"href":"https:\/\/old.akasel.com\/de\/wp-json\/wp\/v2\/pages\/9455"}],"collection":[{"href":"https:\/\/old.akasel.com\/de\/wp-json\/wp\/v2\/pages"}],"about":[{"href":"https:\/\/old.akasel.com\/de\/wp-json\/wp\/v2\/types\/page"}],"author":[{"embeddable":true,"href":"https:\/\/old.akasel.com\/de\/wp-json\/wp\/v2\/users\/8"}],"replies":[{"embeddable":true,"href":"https:\/\/old.akasel.com\/de\/wp-json\/wp\/v2\/comments?post=9455"}],"version-history":[{"count":3,"href":"https:\/\/old.akasel.com\/de\/wp-json\/wp\/v2\/pages\/9455\/revisions"}],"predecessor-version":[{"id":9460,"href":"https:\/\/old.akasel.com\/de\/wp-json\/wp\/v2\/pages\/9455\/revisions\/9460"}],"wp:attachment":[{"href":"https:\/\/old.akasel.com\/de\/wp-json\/wp\/v2\/media?parent=9455"}],"curies":[{"name":"wp","href":"https:\/\/api.w.org\/{rel}","templated":true}]}}