{"id":4574,"date":"2020-10-23T14:39:03","date_gmt":"2021-01-26T14:05:36","guid":{"rendered":"https:\/\/www.akasel.com\/shop\/uncategorized\/aka-nostick-powder\/"},"modified":"2022-11-09T14:35:24","modified_gmt":"2022-11-09T13:35:24","slug":"aka-nostick-powder","status":"publish","type":"product","link":"https:\/\/old.akasel.com\/de\/shop\/einbetten\/einbettzubehoer\/mould-release-agents-de\/aka-nostick-powder\/","title":{"rendered":"Aka-NoStick Powder"},"content":{"rendered":"","protected":false},"excerpt":{"rendered":"<p>Pulverf\u00f6rmiges Trennmittel f\u00fcr Warmeinbettpressen. Einfach eine d\u00fcnne Schicht auf den Ober- und Unterstempel geben, um das Herausnehmen der fertigen Einbettung zu erleichtern.<\/p>\n","protected":false},"featured_media":1003,"template":"","meta":{"_genesis_hide_title":false,"_genesis_hide_breadcrumbs":false,"_genesis_hide_singular_image":false,"_genesis_hide_footer_widgets":false,"_genesis_custom_body_class":"","_genesis_custom_post_class":"","_genesis_layout":""},"product_cat":[100,118,174],"product_tag":[],"acf":[],"_links":{"self":[{"href":"https:\/\/old.akasel.com\/de\/wp-json\/wp\/v2\/product\/4574"}],"collection":[{"href":"https:\/\/old.akasel.com\/de\/wp-json\/wp\/v2\/product"}],"about":[{"href":"https:\/\/old.akasel.com\/de\/wp-json\/wp\/v2\/types\/product"}],"wp:featuredmedia":[{"embeddable":true,"href":"https:\/\/old.akasel.com\/de\/wp-json\/wp\/v2\/media\/1003"}],"wp:attachment":[{"href":"https:\/\/old.akasel.com\/de\/wp-json\/wp\/v2\/media?parent=4574"}],"wp:term":[{"taxonomy":"product_cat","embeddable":true,"href":"https:\/\/old.akasel.com\/de\/wp-json\/wp\/v2\/product_cat?post=4574"},{"taxonomy":"product_tag","embeddable":true,"href":"https:\/\/old.akasel.com\/de\/wp-json\/wp\/v2\/product_tag?post=4574"}],"curies":[{"name":"wp","href":"https:\/\/api.w.org\/{rel}","templated":true}]}}