{"id":4617,"date":"2020-10-28T21:52:39","date_gmt":"2021-01-26T14:05:51","guid":{"rendered":"https:\/\/www.akasel.com\/shop\/uncategorized\/mag-ramda\/"},"modified":"2023-01-11T13:41:56","modified_gmt":"2023-01-11T12:41:56","slug":"mag-ramda","status":"publish","type":"product","link":"https:\/\/old.akasel.com\/de\/shop\/metallographisches-polieren\/poliertuecher\/magnetic-de\/mag-ramda\/","title":{"rendered":"Mag-Ramda"},"content":{"rendered":"","protected":false},"excerpt":{"rendered":"<p>Poliertuch zur Verwendung auf einer magnetischen Tr\u00e4gerscheibe.<\/p>\n<p>Zum Polieren von allen Materialien.<\/p>\n<p>Ramda ist ein hartes, gewebtes Acetattuch zum Diamantpolieren von 3 &#8211; 1 \u00b5m.<\/p>\n<p>H\u00e4rteres Poliertuch mit d\u00fcnnerem Gewebe als Daran, das die bestm\u00f6gliche Randsch\u00e4rfe bietet.<\/p>\n<p>Verwenden Sie mittlere bis hohe Kr\u00e4fte; 15 &#8211; 35 N f\u00fcr eine 30 mm Probe.<\/p>\n","protected":false},"featured_media":1297,"template":"","meta":{"_genesis_hide_title":false,"_genesis_hide_breadcrumbs":false,"_genesis_hide_singular_image":false,"_genesis_hide_footer_widgets":false,"_genesis_custom_body_class":"","_genesis_custom_post_class":"","_genesis_layout":""},"product_cat":[111,112,171],"product_tag":[],"acf":[],"_links":{"self":[{"href":"https:\/\/old.akasel.com\/de\/wp-json\/wp\/v2\/product\/4617"}],"collection":[{"href":"https:\/\/old.akasel.com\/de\/wp-json\/wp\/v2\/product"}],"about":[{"href":"https:\/\/old.akasel.com\/de\/wp-json\/wp\/v2\/types\/product"}],"wp:featuredmedia":[{"embeddable":true,"href":"https:\/\/old.akasel.com\/de\/wp-json\/wp\/v2\/media\/1297"}],"wp:attachment":[{"href":"https:\/\/old.akasel.com\/de\/wp-json\/wp\/v2\/media?parent=4617"}],"wp:term":[{"taxonomy":"product_cat","embeddable":true,"href":"https:\/\/old.akasel.com\/de\/wp-json\/wp\/v2\/product_cat?post=4617"},{"taxonomy":"product_tag","embeddable":true,"href":"https:\/\/old.akasel.com\/de\/wp-json\/wp\/v2\/product_tag?post=4617"}],"curies":[{"name":"wp","href":"https:\/\/api.w.org\/{rel}","templated":true}]}}