{"id":4623,"date":"2020-10-30T10:28:09","date_gmt":"2021-01-26T14:05:53","guid":{"rendered":"https:\/\/www.akasel.com\/shop\/uncategorized\/mag-chemal\/"},"modified":"2022-11-10T14:55:18","modified_gmt":"2022-11-10T13:55:18","slug":"mag-chemal","status":"publish","type":"product","link":"https:\/\/old.akasel.com\/de\/shop\/metallographisches-polieren\/poliertuecher\/magnetic-de\/mag-chemal\/","title":{"rendered":"Mag-Chemal"},"content":{"rendered":"","protected":false},"excerpt":{"rendered":"<p>Poliertuch zur Verwendung auf einer magnetischen Tr\u00e4gerscheibe.<\/p>\n<p>Zum chemischen\/mechanischen Endpolieren aller Materialien.<\/p>\n<p>Chemal ist ein synthetisches Schaumstofftuch f\u00fcr die Endpolitur mit Oxidsuspensionen.<\/p>\n<p>Chemal kann sowohl mit sauren, alkalischen als auch neutralen Oxid-Poliersuspensionen verwendet werden. Dazu geh\u00f6ren sowohl pyrogene Kiesels\u00e4uresuspensionen, kolloidale Kiesels\u00e4uresuspensionen und Aluminiumoxid-Suspensionen.<\/p>\n<p>Verwenden Sie geringe Kr\u00e4fte; 15N auf eine 30 mm Probe. Um das beste Ergebnis zu erzielen, verwenden Sie reichlich Suspension, um ein Trockenlaufen zu vermeiden.<\/p>\n","protected":false},"featured_media":1853,"template":"","meta":{"_genesis_hide_title":false,"_genesis_hide_breadcrumbs":false,"_genesis_hide_singular_image":false,"_genesis_hide_footer_widgets":false,"_genesis_custom_body_class":"","_genesis_custom_post_class":"","_genesis_layout":""},"product_cat":[111,112,171],"product_tag":[],"acf":[],"_links":{"self":[{"href":"https:\/\/old.akasel.com\/de\/wp-json\/wp\/v2\/product\/4623"}],"collection":[{"href":"https:\/\/old.akasel.com\/de\/wp-json\/wp\/v2\/product"}],"about":[{"href":"https:\/\/old.akasel.com\/de\/wp-json\/wp\/v2\/types\/product"}],"wp:featuredmedia":[{"embeddable":true,"href":"https:\/\/old.akasel.com\/de\/wp-json\/wp\/v2\/media\/1853"}],"wp:attachment":[{"href":"https:\/\/old.akasel.com\/de\/wp-json\/wp\/v2\/media?parent=4623"}],"wp:term":[{"taxonomy":"product_cat","embeddable":true,"href":"https:\/\/old.akasel.com\/de\/wp-json\/wp\/v2\/product_cat?post=4623"},{"taxonomy":"product_tag","embeddable":true,"href":"https:\/\/old.akasel.com\/de\/wp-json\/wp\/v2\/product_tag?post=4623"}],"curies":[{"name":"wp","href":"https:\/\/api.w.org\/{rel}","templated":true}]}}