{"id":4626,"date":"2020-10-30T09:55:22","date_gmt":"2021-01-26T14:05:54","guid":{"rendered":"https:\/\/www.akasel.com\/shop\/uncategorized\/aka-silk\/"},"modified":"2022-11-10T15:11:39","modified_gmt":"2022-11-10T14:11:39","slug":"aka-silk","status":"publish","type":"product","link":"https:\/\/old.akasel.com\/de\/shop\/metallographisches-polieren\/poliertuecher\/self-adhesive-de\/aka-silk\/","title":{"rendered":"Aka-Silk"},"content":{"rendered":"","protected":false},"excerpt":{"rendered":"<p>Selbstklebendes Poliertuch f\u00fcr das metallographische Polieren.<\/p>\n<p>F\u00fcr das Polieren und Endpolieren, einschlie\u00dflich Oxidpolieren von h\u00e4rteren Materialien und Beschichtungen.<\/p>\n<p>Silk ist ein gewebtes, nat\u00fcrliches Seidentuch zum Polieren mit 6 &#8211; 3 \u00b5m Diamanten und zum Endpolieren mit 1 &#8211; 0,25 \u00b5m Diamanten und Oxid-Poliersuspensionen. Dieses Tuch kann auch zum Feinschleifen von Eisenmetallen verwendet werden.<\/p>\n<p>Silk bietet maximale Planheit und beste Randsch\u00e4rfe.<\/p>\n<p>Verwenden Sie mittlere Kr\u00e4fte; 15 &#8211; 25 N auf eine 30 mm Probe.<\/p>\n","protected":false},"featured_media":1827,"template":"","meta":{"_genesis_hide_title":false,"_genesis_hide_breadcrumbs":false,"_genesis_hide_singular_image":false,"_genesis_hide_footer_widgets":false,"_genesis_custom_body_class":"","_genesis_custom_post_class":"","_genesis_layout":""},"product_cat":[111,112,172],"product_tag":[],"acf":[],"_links":{"self":[{"href":"https:\/\/old.akasel.com\/de\/wp-json\/wp\/v2\/product\/4626"}],"collection":[{"href":"https:\/\/old.akasel.com\/de\/wp-json\/wp\/v2\/product"}],"about":[{"href":"https:\/\/old.akasel.com\/de\/wp-json\/wp\/v2\/types\/product"}],"wp:featuredmedia":[{"embeddable":true,"href":"https:\/\/old.akasel.com\/de\/wp-json\/wp\/v2\/media\/1827"}],"wp:attachment":[{"href":"https:\/\/old.akasel.com\/de\/wp-json\/wp\/v2\/media?parent=4626"}],"wp:term":[{"taxonomy":"product_cat","embeddable":true,"href":"https:\/\/old.akasel.com\/de\/wp-json\/wp\/v2\/product_cat?post=4626"},{"taxonomy":"product_tag","embeddable":true,"href":"https:\/\/old.akasel.com\/de\/wp-json\/wp\/v2\/product_tag?post=4626"}],"curies":[{"name":"wp","href":"https:\/\/api.w.org\/{rel}","templated":true}]}}