{"id":4629,"date":"2020-10-30T10:07:04","date_gmt":"2021-01-26T14:05:55","guid":{"rendered":"https:\/\/www.akasel.com\/shop\/uncategorized\/aka-moran\/"},"modified":"2022-11-09T13:54:00","modified_gmt":"2022-11-09T12:54:00","slug":"aka-moran","status":"publish","type":"product","link":"https:\/\/old.akasel.com\/de\/shop\/metallographisches-polieren\/poliertuecher\/self-adhesive-de\/aka-moran\/","title":{"rendered":"Aka-Moran"},"content":{"rendered":"","protected":false},"excerpt":{"rendered":"<p>Selbstklebendes Poliertuch f\u00fcr das metallographische Polieren.<\/p>\n<p>F\u00fcr das Polieren von Nichteisenmetallen und Eisenmetallen.<\/p>\n<p>Moran ist ein weiches, gewebtes Wolltuch zum Polieren mit Diamanten von 6 &#8211; 3 \u00b5m. Es kann zum einstufigen Polieren mit 3 \u00b5m oder 2,5 \u00b5m Diamantsuspension f\u00fcr weiche St\u00e4hle eingesetzt werden.<\/p>\n<p>Durch seine offene Struktur eignet sich Moran hervorragend zum gleichm\u00e4\u00dfigen Polieren gro\u00dfer Proben.<\/p>\n<p>Benutzen Sie mittlere Kr\u00e4fte; 15 &#8211; 25 N f\u00fcr eine 30 mm Probe.<\/p>\n","protected":false},"featured_media":1831,"template":"","meta":{"_genesis_hide_title":false,"_genesis_hide_breadcrumbs":false,"_genesis_hide_singular_image":false,"_genesis_hide_footer_widgets":false,"_genesis_custom_body_class":"","_genesis_custom_post_class":"","_genesis_layout":""},"product_cat":[111,112,172],"product_tag":[],"acf":[],"_links":{"self":[{"href":"https:\/\/old.akasel.com\/de\/wp-json\/wp\/v2\/product\/4629"}],"collection":[{"href":"https:\/\/old.akasel.com\/de\/wp-json\/wp\/v2\/product"}],"about":[{"href":"https:\/\/old.akasel.com\/de\/wp-json\/wp\/v2\/types\/product"}],"wp:featuredmedia":[{"embeddable":true,"href":"https:\/\/old.akasel.com\/de\/wp-json\/wp\/v2\/media\/1831"}],"wp:attachment":[{"href":"https:\/\/old.akasel.com\/de\/wp-json\/wp\/v2\/media?parent=4629"}],"wp:term":[{"taxonomy":"product_cat","embeddable":true,"href":"https:\/\/old.akasel.com\/de\/wp-json\/wp\/v2\/product_cat?post=4629"},{"taxonomy":"product_tag","embeddable":true,"href":"https:\/\/old.akasel.com\/de\/wp-json\/wp\/v2\/product_tag?post=4629"}],"curies":[{"name":"wp","href":"https:\/\/api.w.org\/{rel}","templated":true}]}}