{"id":4630,"date":"2020-11-10T15:40:49","date_gmt":"2021-01-26T14:05:55","guid":{"rendered":"https:\/\/www.akasel.com\/shop\/uncategorized\/aka-moran-u\/"},"modified":"2022-11-09T14:06:50","modified_gmt":"2022-11-09T13:06:50","slug":"aka-moran-u","status":"publish","type":"product","link":"https:\/\/old.akasel.com\/de\/shop\/metallographisches-polieren\/poliertuecher\/self-adhesive-de\/aka-moran-u\/","title":{"rendered":"Aka-Moran-U"},"content":{"rendered":"","protected":false},"excerpt":{"rendered":"<p>Selbstklebendes Poliertuch f\u00fcr das metallographische Polieren.<\/p>\n<p>Zum Polieren und Endpolieren von Nichteisenmetallen und Eisenmetallen.<\/p>\n<p>Moran-U ist ein weiches gewebtes Wolltuch zum Polieren mit 6 &#8211; 3 \u00b5m Diamanten und zum Endpolieren mit 1 \u00b5m Diamanten. Es kann zum einstufigen Polieren mit 3 \u00b5m oder 2,5 \u00b5m Diamantsuspension f\u00fcr weiche St\u00e4hle eingesetzt werden.<\/p>\n<p>Aufgrund seiner offenen Struktur eignet sich Moran-U hervorragend zum gleichm\u00e4\u00dfigen Polieren gro\u00dfer Proben.<\/p>\n<p>Verwenden Sie mittlere Kr\u00e4fte; 15 &#8211; 25 N f\u00fcr eine 30 mm Probe.<\/p>\n","protected":false},"featured_media":2017,"template":"","meta":{"_genesis_hide_title":false,"_genesis_hide_breadcrumbs":false,"_genesis_hide_singular_image":false,"_genesis_hide_footer_widgets":false,"_genesis_custom_body_class":"","_genesis_custom_post_class":"","_genesis_layout":""},"product_cat":[111,112,172],"product_tag":[],"acf":[],"_links":{"self":[{"href":"https:\/\/old.akasel.com\/de\/wp-json\/wp\/v2\/product\/4630"}],"collection":[{"href":"https:\/\/old.akasel.com\/de\/wp-json\/wp\/v2\/product"}],"about":[{"href":"https:\/\/old.akasel.com\/de\/wp-json\/wp\/v2\/types\/product"}],"wp:featuredmedia":[{"embeddable":true,"href":"https:\/\/old.akasel.com\/de\/wp-json\/wp\/v2\/media\/2017"}],"wp:attachment":[{"href":"https:\/\/old.akasel.com\/de\/wp-json\/wp\/v2\/media?parent=4630"}],"wp:term":[{"taxonomy":"product_cat","embeddable":true,"href":"https:\/\/old.akasel.com\/de\/wp-json\/wp\/v2\/product_cat?post=4630"},{"taxonomy":"product_tag","embeddable":true,"href":"https:\/\/old.akasel.com\/de\/wp-json\/wp\/v2\/product_tag?post=4630"}],"curies":[{"name":"wp","href":"https:\/\/api.w.org\/{rel}","templated":true}]}}