{"id":4728,"date":"2020-10-30T10:24:13","date_gmt":"2021-01-26T14:06:26","guid":{"rendered":"https:\/\/www.akasel.com\/shop\/uncategorized\/aka-lube-blue\/"},"modified":"2022-11-09T14:49:40","modified_gmt":"2022-11-09T13:49:40","slug":"aka-lube-blue","status":"publish","type":"product","link":"https:\/\/old.akasel.com\/de\/shop\/metallographisches-polieren\/lubricants-de\/aka-lube-blue\/","title":{"rendered":"Aka-Lube Blue"},"content":{"rendered":"","protected":false},"excerpt":{"rendered":"<div class=\"product-shop\">\n<div class=\" product-description\">\n<p>Traditionelles, wasserfreies Schmiermittel auf Ethanolbasis f\u00fcr die metallographische Probenpr\u00e4paration.<\/p>\n<p>D\u00fcnner Schmierfilm.<br \/>\nAka-Lube Blue kann sowohl zum Feinschleifen als auch zum Polieren verwendet werden. Es bietet eine hervorragende K\u00fchlung und ist optimal f\u00fcr die schnelle, automatisierte Pr\u00e4paration geeignet.<\/p>\n<p>Kann auch f\u00fcr die Pr\u00e4paration von wasserempfindlichen Materialien verwendet werden.<\/p>\n<\/div>\n<\/div>\n","protected":false},"featured_media":1839,"template":"","meta":{"_genesis_hide_title":false,"_genesis_hide_breadcrumbs":false,"_genesis_hide_singular_image":false,"_genesis_hide_footer_widgets":false,"_genesis_custom_body_class":"","_genesis_custom_post_class":"","_genesis_layout":""},"product_cat":[111,168],"product_tag":[],"acf":[],"_links":{"self":[{"href":"https:\/\/old.akasel.com\/de\/wp-json\/wp\/v2\/product\/4728"}],"collection":[{"href":"https:\/\/old.akasel.com\/de\/wp-json\/wp\/v2\/product"}],"about":[{"href":"https:\/\/old.akasel.com\/de\/wp-json\/wp\/v2\/types\/product"}],"wp:featuredmedia":[{"embeddable":true,"href":"https:\/\/old.akasel.com\/de\/wp-json\/wp\/v2\/media\/1839"}],"wp:attachment":[{"href":"https:\/\/old.akasel.com\/de\/wp-json\/wp\/v2\/media?parent=4728"}],"wp:term":[{"taxonomy":"product_cat","embeddable":true,"href":"https:\/\/old.akasel.com\/de\/wp-json\/wp\/v2\/product_cat?post=4728"},{"taxonomy":"product_tag","embeddable":true,"href":"https:\/\/old.akasel.com\/de\/wp-json\/wp\/v2\/product_tag?post=4728"}],"curies":[{"name":"wp","href":"https:\/\/api.w.org\/{rel}","templated":true}]}}