{"id":4732,"date":"2020-10-30T09:45:24","date_gmt":"2021-01-26T14:06:27","guid":{"rendered":"https:\/\/www.akasel.com\/shop\/uncategorized\/aka-lube-green\/"},"modified":"2022-11-09T14:32:36","modified_gmt":"2022-11-09T13:32:36","slug":"aka-lube-green","status":"publish","type":"product","link":"https:\/\/old.akasel.com\/de\/shop\/metallographisches-polieren\/lubricants-de\/aka-lube-green\/","title":{"rendered":"Aka-Lube Green"},"content":{"rendered":"","protected":false},"excerpt":{"rendered":"<p>Schmiermittel auf Wasserbasis f\u00fcr die metallographische Probenpr\u00e4paration.<\/p>\n<p>Sehr d\u00fcnner Schmierfilm. Aka-Lube Green liefert hervorragende Pr\u00e4parationsergebnisse, wenn hoher Materialabtrag in Kombination mit Oberfl\u00e4cheng\u00fcte wichtig ist.<\/p>\n<p>Aka-Lube Green ist etwas dicker als Aka-Lube Clear+.<\/p>\n","protected":false},"featured_media":1817,"template":"","meta":{"_genesis_hide_title":false,"_genesis_hide_breadcrumbs":false,"_genesis_hide_singular_image":false,"_genesis_hide_footer_widgets":false,"_genesis_custom_body_class":"","_genesis_custom_post_class":"","_genesis_layout":""},"product_cat":[111,168],"product_tag":[],"acf":[],"_links":{"self":[{"href":"https:\/\/old.akasel.com\/de\/wp-json\/wp\/v2\/product\/4732"}],"collection":[{"href":"https:\/\/old.akasel.com\/de\/wp-json\/wp\/v2\/product"}],"about":[{"href":"https:\/\/old.akasel.com\/de\/wp-json\/wp\/v2\/types\/product"}],"wp:featuredmedia":[{"embeddable":true,"href":"https:\/\/old.akasel.com\/de\/wp-json\/wp\/v2\/media\/1817"}],"wp:attachment":[{"href":"https:\/\/old.akasel.com\/de\/wp-json\/wp\/v2\/media?parent=4732"}],"wp:term":[{"taxonomy":"product_cat","embeddable":true,"href":"https:\/\/old.akasel.com\/de\/wp-json\/wp\/v2\/product_cat?post=4732"},{"taxonomy":"product_tag","embeddable":true,"href":"https:\/\/old.akasel.com\/de\/wp-json\/wp\/v2\/product_tag?post=4732"}],"curies":[{"name":"wp","href":"https:\/\/api.w.org\/{rel}","templated":true}]}}