{"id":4733,"date":"2020-10-30T09:42:31","date_gmt":"2021-01-26T14:06:28","guid":{"rendered":"https:\/\/www.akasel.com\/shop\/uncategorized\/aka-lube-clear\/"},"modified":"2022-11-09T14:20:30","modified_gmt":"2022-11-09T13:20:30","slug":"aka-lube-clear","status":"publish","type":"product","link":"https:\/\/old.akasel.com\/de\/shop\/metallographisches-polieren\/lubricants-de\/aka-lube-clear\/","title":{"rendered":"Aka-Lube Clear+"},"content":{"rendered":"","protected":false},"excerpt":{"rendered":"<p>Ein \u00fcberlegenes Schmiermittel auf Polymerbasis f\u00fcr die metallografische Probenpr\u00e4paration aller Materialien. Ideal f\u00fcr harte Materialien und wenn ein sehr hoher Materialabtrag erforderlich ist.<\/p>\n<p>Aka-Lube Clear WF hat den d\u00fcnnsten Schmierfilm in unserem Sortiment.<\/p>\n<p>F\u00fcr h\u00f6chstm\u00f6gliche Abtragsraten mit Aka-Poly+ oder Aka-Mono+ verwenden.<\/p>\n<p>Kann auf allen Arten von Poliert\u00fcchern verwendet werden.<\/p>\n<p>Einfache Reinigung Ihrer Proben, da es kein \u00d6l enth\u00e4lt.<\/p>\n","protected":false},"featured_media":1813,"template":"","meta":{"_genesis_hide_title":false,"_genesis_hide_breadcrumbs":false,"_genesis_hide_singular_image":false,"_genesis_hide_footer_widgets":false,"_genesis_custom_body_class":"","_genesis_custom_post_class":"","_genesis_layout":""},"product_cat":[111,168],"product_tag":[],"acf":[],"_links":{"self":[{"href":"https:\/\/old.akasel.com\/de\/wp-json\/wp\/v2\/product\/4733"}],"collection":[{"href":"https:\/\/old.akasel.com\/de\/wp-json\/wp\/v2\/product"}],"about":[{"href":"https:\/\/old.akasel.com\/de\/wp-json\/wp\/v2\/types\/product"}],"wp:featuredmedia":[{"embeddable":true,"href":"https:\/\/old.akasel.com\/de\/wp-json\/wp\/v2\/media\/1813"}],"wp:attachment":[{"href":"https:\/\/old.akasel.com\/de\/wp-json\/wp\/v2\/media?parent=4733"}],"wp:term":[{"taxonomy":"product_cat","embeddable":true,"href":"https:\/\/old.akasel.com\/de\/wp-json\/wp\/v2\/product_cat?post=4733"},{"taxonomy":"product_tag","embeddable":true,"href":"https:\/\/old.akasel.com\/de\/wp-json\/wp\/v2\/product_tag?post=4733"}],"curies":[{"name":"wp","href":"https:\/\/api.w.org\/{rel}","templated":true}]}}