{"id":9466,"date":"2022-08-12T09:25:06","date_gmt":"2022-08-12T07:25:06","guid":{"rendered":"https:\/\/www.akasel.com\/shop\/unkategorisiert\/aka-resin-phenolic-2-black\/"},"modified":"2023-07-07T13:02:09","modified_gmt":"2023-07-07T11:02:09","slug":"aka-resin-phenolic-2-black","status":"publish","type":"product","link":"https:\/\/old.akasel.com\/de\/shop\/einbetten\/aka-resin-phenolic-2-black\/","title":{"rendered":"Aka-Resin Phenolic-2, Black"},"content":{"rendered":"","protected":false},"excerpt":{"rendered":"<p><span style=\"font-weight: 400;\">Schwarzes Phenolharz f\u00fcr das Warmeinbetten. Die wirtschaftlichste Wahl zum Einbetten. Ideal zum Hinterf\u00fcllen bei der Arbeit mit teureren Harzen wie Aka-Resin Epoxy.<\/span><\/p>\n<p><b>Die Aush\u00e4rtungsspezifikationen<br \/>\n<\/b><span style=\"font-weight: 400;\">Durchmesser, Kraft, Erhitzungs-\/Abk\u00fchlungszeit:<br \/>\n<\/span><span style=\"font-weight: 400;\">25 mm: 10 kN, 4-5 min\/3-4 min<br \/>\n<\/span><span style=\"font-weight: 400;\">30 mm: 20 kN, 4-6 min\/3-4 min<br \/>\n<\/span><span style=\"font-weight: 400;\">40 mm: 30 kN, 5-7 min\/4-6 min<br \/>\n<\/span><span style=\"font-weight: 400;\">50 mm: 50 kN, 6-9 min\/5-7 min<\/span><\/p>\n<p><span style=\"font-weight: 400;\">Aush\u00e4rten bei 160 &#8211; 180 \u00b0C, 250 bar, hohe Abk\u00fchlgeschwindigkeit.<\/span><\/p>\n<p><span style=\"font-weight: 400;\">Falls nicht vollst\u00e4ndig ausgeh\u00e4rtet, Dauer erh\u00f6hen.<\/span><\/p>\n<p><span style=\"font-weight: 400;\">Die oben genannten Parameter k\u00f6nnen je nach Bauart der verwendeten Warmeinbettpresse stark variieren.<\/span><\/p>\n","protected":false},"featured_media":11058,"template":"","meta":{"_genesis_hide_title":false,"_genesis_hide_breadcrumbs":false,"_genesis_hide_singular_image":false,"_genesis_hide_footer_widgets":false,"_genesis_custom_body_class":"","_genesis_custom_post_class":"","_genesis_layout":""},"product_cat":[100,102],"product_tag":[],"acf":[],"_links":{"self":[{"href":"https:\/\/old.akasel.com\/de\/wp-json\/wp\/v2\/product\/9466"}],"collection":[{"href":"https:\/\/old.akasel.com\/de\/wp-json\/wp\/v2\/product"}],"about":[{"href":"https:\/\/old.akasel.com\/de\/wp-json\/wp\/v2\/types\/product"}],"wp:featuredmedia":[{"embeddable":true,"href":"https:\/\/old.akasel.com\/de\/wp-json\/wp\/v2\/media\/11058"}],"wp:attachment":[{"href":"https:\/\/old.akasel.com\/de\/wp-json\/wp\/v2\/media?parent=9466"}],"wp:term":[{"taxonomy":"product_cat","embeddable":true,"href":"https:\/\/old.akasel.com\/de\/wp-json\/wp\/v2\/product_cat?post=9466"},{"taxonomy":"product_tag","embeddable":true,"href":"https:\/\/old.akasel.com\/de\/wp-json\/wp\/v2\/product_tag?post=9466"}],"curies":[{"name":"wp","href":"https:\/\/api.w.org\/{rel}","templated":true}]}}